{"id":10,"date":"2020-01-06T13:52:52","date_gmt":"2020-01-06T13:52:52","guid":{"rendered":"https:\/\/eltorado.com\/?page_id=10"},"modified":"2026-01-27T11:16:25","modified_gmt":"2026-01-27T09:16:25","slug":"about","status":"publish","type":"page","link":"https:\/\/eltorado.com\/es\/about\/","title":{"rendered":"Acerca de"},"content":{"rendered":"<div data-elementor-type=\"wp-page\" data-elementor-id=\"10\" class=\"elementor elementor-10\" data-elementor-post-type=\"page\">\n\t\t\t\t\t\t<section class=\"elementor-section elementor-top-section elementor-element elementor-element-200d3d4 elementor-section-full_width elementor-section-height-default elementor-section-height-default\" data-id=\"200d3d4\" data-element_type=\"section\" data-e-type=\"section\">\n\t\t\t\t\t\t<div class=\"elementor-container elementor-column-gap-default\">\n\t\t\t\t\t<div class=\"elementor-column elementor-col-100 elementor-top-column elementor-element elementor-element-455e5e8\" data-id=\"455e5e8\" data-element_type=\"column\" data-e-type=\"column\">\n\t\t\t<div class=\"elementor-widget-wrap elementor-element-populated\">\n\t\t\t\t\t\t<div class=\"elementor-element elementor-element-bb0f3d4 elementor-widget elementor-widget-video\" data-id=\"bb0f3d4\" data-element_type=\"widget\" data-e-type=\"widget\" data-settings=\"{&quot;video_type&quot;:&quot;hosted&quot;,&quot;autoplay&quot;:&quot;yes&quot;,&quot;play_on_mobile&quot;:&quot;yes&quot;,&quot;mute&quot;:&quot;yes&quot;,&quot;loop&quot;:&quot;yes&quot;}\" data-widget_type=\"video.default\">\n\t\t\t\t<div class=\"elementor-widget-container\">\n\t\t\t\t\t\t\t<div class=\"e-hosted-video elementor-wrapper elementor-open-inline\">\n\t\t\t\t\t<video class=\"elementor-video\" src=\"https:\/\/eltorado.com\/wp-content\/uploads\/2023\/03\/el-torado.mp4\" autoplay=\"\" loop=\"\" muted=\"muted\" playsinline=\"\" controlslist=\"nodownload\"><\/video>\n\t\t\t\t<\/div>\n\t\t\t\t\t\t<\/div>\n\t\t\t\t<\/div>\n\t\t\t\t\t<\/div>\n\t\t<\/div>\n\t\t\t\t\t<\/div>\n\t\t<\/section>\n\t\t\t\t<section class=\"elementor-section elementor-top-section elementor-element elementor-element-0eb3384 elementor-section-height-min-height elementor-section-boxed elementor-section-height-default elementor-section-items-middle\" data-id=\"0eb3384\" data-element_type=\"section\" data-e-type=\"section\">\n\t\t\t\t\t\t<div class=\"elementor-container elementor-column-gap-default\">\n\t\t\t\t\t<div class=\"elementor-column elementor-col-100 elementor-top-column elementor-element elementor-element-cf03ecc\" data-id=\"cf03ecc\" data-element_type=\"column\" data-e-type=\"column\">\n\t\t\t<div class=\"elementor-widget-wrap elementor-element-populated\">\n\t\t\t\t\t\t<div class=\"elementor-element elementor-element-9db9064 elementor-widget elementor-widget-heading\" data-id=\"9db9064\" data-element_type=\"widget\" data-e-type=\"widget\" data-widget_type=\"heading.default\">\n\t\t\t\t<div class=\"elementor-widget-container\">\n\t\t\t\t\t<h2 class=\"elementor-heading-title elementor-size-default\">Parrilla de piedra<\/h2>\t\t\t\t<\/div>\n\t\t\t\t<\/div>\n\t\t\t\t<div class=\"elementor-element elementor-element-d430770 elementor-widget elementor-widget-text-editor\" data-id=\"d430770\" data-element_type=\"widget\" data-e-type=\"widget\" data-widget_type=\"text-editor.default\">\n\t\t\t\t<div class=\"elementor-widget-container\">\n\t\t\t\t\t\t\t\t\t<p>Adem\u00e1s de la deliciosa comida, El Torado tambi\u00e9n ofrece un ambiente rom\u00e1ntico y c\u00e1lido. El restaurante est\u00e1 bellamente decorado con un trozo de Argentina en pleno centro de \u00c1msterdam, frente al Path\u00e9 Tuschinsky. Tiene capacidad para 85 comensales en la planta baja y otros 65 en la superior, as\u00ed que hay sitio de sobra para grupos y fiestas.<br \/>|<br \/>El restaurante tambi\u00e9n es adecuado para bodas y otras ocasiones especiales, en las que el amable personal estar\u00e1 encantado de ayudarle a organizar. Y si no tienes tiempo para cenar en el restaurante, El Torado tambi\u00e9n ofrece entrega a domicilio y comida para llevar con Uber Eats.<\/p>\t\t\t\t\t\t\t\t<\/div>\n\t\t\t\t<\/div>\n\t\t\t\t\t<\/div>\n\t\t<\/div>\n\t\t\t\t\t<\/div>\n\t\t<\/section>\n\t\t\t\t<section class=\"elementor-section elementor-top-section elementor-element elementor-element-10a54d0 elementor-section-boxed elementor-section-height-default elementor-section-height-default\" data-id=\"10a54d0\" data-element_type=\"section\" data-e-type=\"section\">\n\t\t\t\t\t\t<div class=\"elementor-container elementor-column-gap-default\">\n\t\t\t\t\t<div class=\"elementor-column elementor-col-100 elementor-top-column elementor-element elementor-element-05e2ff2\" data-id=\"05e2ff2\" data-element_type=\"column\" data-e-type=\"column\">\n\t\t\t<div class=\"elementor-widget-wrap elementor-element-populated\">\n\t\t\t\t\t\t<div class=\"elementor-element elementor-element-16df133 elementor-widget elementor-widget-heading\" data-id=\"16df133\" data-element_type=\"widget\" data-e-type=\"widget\" data-widget_type=\"heading.default\">\n\t\t\t\t<div class=\"elementor-widget-container\">\n\t\t\t\t\t<h2 class=\"elementor-heading-title elementor-size-default\">Galer\u00eda<\/h2>\t\t\t\t<\/div>\n\t\t\t\t<\/div>\n\t\t\t\t<div class=\"elementor-element elementor-element-cfbb71d elementor-arrows-position-inside elementor-pagination-position-outside elementor-widget elementor-widget-image-carousel\" data-id=\"cfbb71d\" data-element_type=\"widget\" data-e-type=\"widget\" data-settings=\"{&quot;image_spacing_custom&quot;:{&quot;unit&quot;:&quot;px&quot;,&quot;size&quot;:18,&quot;sizes&quot;:[]},&quot;navigation&quot;:&quot;both&quot;,&quot;autoplay&quot;:&quot;yes&quot;,&quot;pause_on_hover&quot;:&quot;yes&quot;,&quot;pause_on_interaction&quot;:&quot;yes&quot;,&quot;autoplay_speed&quot;:5000,&quot;infinite&quot;:&quot;yes&quot;,&quot;speed&quot;:500,&quot;image_spacing_custom_tablet&quot;:{&quot;unit&quot;:&quot;px&quot;,&quot;size&quot;:&quot;&quot;,&quot;sizes&quot;:[]},&quot;image_spacing_custom_mobile&quot;:{&quot;unit&quot;:&quot;px&quot;,&quot;size&quot;:&quot;&quot;,&quot;sizes&quot;:[]}}\" data-widget_type=\"image-carousel.default\">\n\t\t\t\t<div class=\"elementor-widget-container\">\n\t\t\t\t\t\t\t<div class=\"elementor-image-carousel-wrapper swiper\" role=\"region\" aria-roledescription=\"carousel\" aria-label=\"Afbeelding carrousel\" dir=\"ltr\">\n\t\t\t<div class=\"elementor-image-carousel swiper-wrapper\" aria-live=\"off\">\n\t\t\t\t\t\t\t\t<div class=\"swiper-slide\" role=\"group\" aria-roledescription=\"slide\" aria-label=\"1 of 3\" data-no-translation-aria-label=\"\"><figure class=\"swiper-slide-inner\"><img decoding=\"async\" class=\"swiper-slide-image\" src=\"https:\/\/eltorado.com\/wp-content\/uploads\/2023\/03\/stonegrill-el-torado.jpeg\" alt=\"stonegrill-el-torado\" \/><\/figure><\/div><div class=\"swiper-slide\" role=\"group\" aria-roledescription=\"slide\" aria-label=\"2 of 3\" data-no-translation-aria-label=\"\"><figure class=\"swiper-slide-inner\"><img decoding=\"async\" class=\"swiper-slide-image\" src=\"https:\/\/eltorado.com\/wp-content\/uploads\/2023\/03\/Stonegrill_el-toirado-1024x731.jpeg\" alt=\"Stonegrill_el-toirado\" \/><\/figure><\/div><div class=\"swiper-slide\" role=\"group\" aria-roledescription=\"slide\" aria-label=\"3 of 3\" data-no-translation-aria-label=\"\"><figure class=\"swiper-slide-inner\"><img decoding=\"async\" class=\"swiper-slide-image\" src=\"https:\/\/eltorado.com\/wp-content\/uploads\/2023\/03\/iStock-1328122770-1024x681.jpg\" alt=\"Grilled Butchers choice steak Onglet Hanging Tender beef meat on a cutting board. Black wooden background. Top View.\" \/><\/figure><\/div>\t\t\t<\/div>\n\t\t\t\t\t\t\t\t\t\t\t\t<div class=\"elementor-swiper-button elementor-swiper-button-prev\" role=\"button\" tabindex=\"0\">\n\t\t\t\t\t\t<i aria-hidden=\"true\" class=\"eicon-chevron-left\"><\/i>\t\t\t\t\t<\/div>\n\t\t\t\t\t<div class=\"elementor-swiper-button elementor-swiper-button-next\" role=\"button\" tabindex=\"0\">\n\t\t\t\t\t\t<i aria-hidden=\"true\" class=\"eicon-chevron-right\"><\/i>\t\t\t\t\t<\/div>\n\t\t\t\t\n\t\t\t\t\t\t\t\t\t<div class=\"swiper-pagination\"><\/div>\n\t\t\t\t\t\t\t\t\t<\/div>\n\t\t\t\t\t\t<\/div>\n\t\t\t\t<\/div>\n\t\t\t\t<div class=\"elementor-element elementor-element-25769f0 elementor-align-center elementor-widget elementor-widget-button\" data-id=\"25769f0\" data-element_type=\"widget\" data-e-type=\"widget\" data-widget_type=\"button.default\">\n\t\t\t\t<div class=\"elementor-widget-container\">\n\t\t\t\t\t\t\t\t\t<div class=\"elementor-button-wrapper\">\n\t\t\t\t\t<a class=\"elementor-button elementor-button-link elementor-size-sm\" href=\"https:\/\/eltorado.com\/es\/gallery\/\">\n\t\t\t\t\t\t<span class=\"elementor-button-content-wrapper\">\n\t\t\t\t\t\t\t\t\t<span class=\"elementor-button-text\">Ver galer\u00eda<\/span>\n\t\t\t\t\t<\/span>\n\t\t\t\t\t<\/a>\n\t\t\t\t<\/div>\n\t\t\t\t\t\t\t\t<\/div>\n\t\t\t\t<\/div>\n\t\t\t\t\t<\/div>\n\t\t<\/div>\n\t\t\t\t\t<\/div>\n\t\t<\/section>\n\t\t\t\t<section class=\"elementor-section elementor-top-section elementor-element elementor-element-7aae8e7 elementor-section-boxed elementor-section-height-default elementor-section-height-default\" data-id=\"7aae8e7\" data-element_type=\"section\" data-e-type=\"section\">\n\t\t\t\t\t\t<div class=\"elementor-container elementor-column-gap-default\">\n\t\t\t\t\t<div class=\"elementor-column elementor-col-100 elementor-top-column elementor-element elementor-element-0799788\" data-id=\"0799788\" data-element_type=\"column\" data-e-type=\"column\">\n\t\t\t<div class=\"elementor-widget-wrap elementor-element-populated\">\n\t\t\t\t\t\t<div class=\"elementor-element elementor-element-52857be elementor-widget elementor-widget-spacer\" data-id=\"52857be\" data-element_type=\"widget\" data-e-type=\"widget\" data-widget_type=\"spacer.default\">\n\t\t\t\t<div class=\"elementor-widget-container\">\n\t\t\t\t\t\t\t<div class=\"elementor-spacer\">\n\t\t\t<div class=\"elementor-spacer-inner\"><\/div>\n\t\t<\/div>\n\t\t\t\t\t\t<\/div>\n\t\t\t\t<\/div>\n\t\t\t\t\t<\/div>\n\t\t<\/div>\n\t\t\t\t\t<\/div>\n\t\t<\/section>\n\t\t\t\t<\/div>","protected":false},"excerpt":{"rendered":"<p>https:\/\/eltorado.com\/wp-content\/uploads\/2023\/03\/el-torado.mp4 Stone Grill Adem\u00e1s de la deliciosa comida, El Torado tambi\u00e9n ofrece un ambiente rom\u00e1ntico y c\u00e1lido. El restaurante est\u00e1 bellamente decorado con un trozo de Argentina justo en el coraz\u00f3n de \u00c1msterdam, frente al Path\u00e9 Tuschinsky. Tiene capacidad para 85 comensales en la planta baja y otros 65 en el piso de arriba, as\u00ed que hay sitio de sobra para [...].<\/p>","protected":false},"author":1,"featured_media":0,"parent":0,"menu_order":0,"comment_status":"closed","ping_status":"closed","template":"","meta":{"footnotes":""},"class_list":["post-10","page","type-page","status-publish","hentry"],"yoast_head":"<!-- This site is optimized with the Yoast SEO plugin v27.3 - https:\/\/yoast.com\/product\/yoast-seo-wordpress\/ -->\n<title>About - El Torado<\/title>\n<meta name=\"description\" content=\"In addition to the delicious food, El Torado also offers a romantic and warm atmosphere, in the heart of Amsterdam, opposite Path\u00e9 Tuschinsky.\" \/>\n<meta name=\"robots\" content=\"index, follow, max-snippet:-1, max-image-preview:large, max-video-preview:-1\" \/>\n<link rel=\"canonical\" href=\"https:\/\/eltorado.com\/es\/about\/\" \/>\n<meta property=\"og:locale\" content=\"es_ES\" \/>\n<meta property=\"og:type\" content=\"article\" \/>\n<meta property=\"og:title\" content=\"About - El Torado\" \/>\n<meta property=\"og:description\" content=\"In addition to the delicious food, El Torado also offers a romantic and warm atmosphere, in the heart of Amsterdam, opposite Path\u00e9 Tuschinsky.\" \/>\n<meta property=\"og:url\" content=\"https:\/\/eltorado.com\/es\/about\/\" \/>\n<meta property=\"og:site_name\" content=\"El Torado\" \/>\n<meta property=\"article:modified_time\" content=\"2026-01-27T09:16:25+00:00\" \/>\n<meta property=\"og:image\" content=\"https:\/\/eltorado.com\/wp-content\/uploads\/2023\/03\/stonegrill-el-torado.jpeg\" \/>\n<meta name=\"twitter:card\" content=\"summary_large_image\" \/>\n<meta name=\"twitter:label1\" content=\"Tiempo de lectura\" \/>\n\t<meta name=\"twitter:data1\" content=\"2 minutos\" \/>\n<script type=\"application\/ld+json\" class=\"yoast-schema-graph\">{\"@context\":\"https:\\\/\\\/schema.org\",\"@graph\":[{\"@type\":\"WebPage\",\"@id\":\"https:\\\/\\\/eltorado.com\\\/about\\\/\",\"url\":\"https:\\\/\\\/eltorado.com\\\/about\\\/\",\"name\":\"About - El Torado\",\"isPartOf\":{\"@id\":\"https:\\\/\\\/eltorado.com\\\/#website\"},\"primaryImageOfPage\":{\"@id\":\"https:\\\/\\\/eltorado.com\\\/about\\\/#primaryimage\"},\"image\":{\"@id\":\"https:\\\/\\\/eltorado.com\\\/about\\\/#primaryimage\"},\"thumbnailUrl\":\"https:\\\/\\\/eltorado.com\\\/wp-content\\\/uploads\\\/2023\\\/03\\\/stonegrill-el-torado.jpeg\",\"datePublished\":\"2020-01-06T13:52:52+00:00\",\"dateModified\":\"2026-01-27T09:16:25+00:00\",\"description\":\"In addition to the delicious food, El Torado also offers a romantic and warm atmosphere, in the heart of Amsterdam, opposite Path\u00e9 Tuschinsky.\",\"breadcrumb\":{\"@id\":\"https:\\\/\\\/eltorado.com\\\/about\\\/#breadcrumb\"},\"inLanguage\":\"es\",\"potentialAction\":[{\"@type\":\"ReadAction\",\"target\":[\"https:\\\/\\\/eltorado.com\\\/about\\\/\"]}]},{\"@type\":\"ImageObject\",\"inLanguage\":\"es\",\"@id\":\"https:\\\/\\\/eltorado.com\\\/about\\\/#primaryimage\",\"url\":\"https:\\\/\\\/eltorado.com\\\/wp-content\\\/uploads\\\/2023\\\/03\\\/stonegrill-el-torado.jpeg\",\"contentUrl\":\"https:\\\/\\\/eltorado.com\\\/wp-content\\\/uploads\\\/2023\\\/03\\\/stonegrill-el-torado.jpeg\"},{\"@type\":\"BreadcrumbList\",\"@id\":\"https:\\\/\\\/eltorado.com\\\/about\\\/#breadcrumb\",\"itemListElement\":[{\"@type\":\"ListItem\",\"position\":1,\"name\":\"Home\",\"item\":\"https:\\\/\\\/eltorado.com\\\/\"},{\"@type\":\"ListItem\",\"position\":2,\"name\":\"About\"}]},{\"@type\":\"WebSite\",\"@id\":\"https:\\\/\\\/eltorado.com\\\/#website\",\"url\":\"https:\\\/\\\/eltorado.com\\\/\",\"name\":\"El Torado\",\"description\":\"Argentine Stone Grill Restaurant\",\"publisher\":{\"@id\":\"https:\\\/\\\/eltorado.com\\\/#organization\"},\"potentialAction\":[{\"@type\":\"SearchAction\",\"target\":{\"@type\":\"EntryPoint\",\"urlTemplate\":\"https:\\\/\\\/eltorado.com\\\/?s={search_term_string}\"},\"query-input\":{\"@type\":\"PropertyValueSpecification\",\"valueRequired\":true,\"valueName\":\"search_term_string\"}}],\"inLanguage\":\"es\"},{\"@type\":\"Organization\",\"@id\":\"https:\\\/\\\/eltorado.com\\\/#organization\",\"name\":\"El Torado\",\"url\":\"https:\\\/\\\/eltorado.com\\\/\",\"logo\":{\"@type\":\"ImageObject\",\"inLanguage\":\"es\",\"@id\":\"https:\\\/\\\/eltorado.com\\\/#\\\/schema\\\/logo\\\/image\\\/\",\"url\":\"https:\\\/\\\/eltorado.com\\\/wp-content\\\/uploads\\\/2023\\\/03\\\/Stierlogo-1.png\",\"contentUrl\":\"https:\\\/\\\/eltorado.com\\\/wp-content\\\/uploads\\\/2023\\\/03\\\/Stierlogo-1.png\",\"width\":2000,\"height\":1412,\"caption\":\"El Torado\"},\"image\":{\"@id\":\"https:\\\/\\\/eltorado.com\\\/#\\\/schema\\\/logo\\\/image\\\/\"}}]}<\/script>\n<!-- \/ Yoast SEO plugin. -->","yoast_head_json":{"title":"About - El Torado","description":"In addition to the delicious food, El Torado also offers a romantic and warm atmosphere, in the heart of Amsterdam, opposite Path\u00e9 Tuschinsky.","robots":{"index":"index","follow":"follow","max-snippet":"max-snippet:-1","max-image-preview":"max-image-preview:large","max-video-preview":"max-video-preview:-1"},"canonical":"https:\/\/eltorado.com\/es\/about\/","og_locale":"es_ES","og_type":"article","og_title":"About - El Torado","og_description":"In addition to the delicious food, El Torado also offers a romantic and warm atmosphere, in the heart of Amsterdam, opposite Path\u00e9 Tuschinsky.","og_url":"https:\/\/eltorado.com\/es\/about\/","og_site_name":"El Torado","article_modified_time":"2026-01-27T09:16:25+00:00","og_image":[{"url":"https:\/\/eltorado.com\/wp-content\/uploads\/2023\/03\/stonegrill-el-torado.jpeg","type":"","width":"","height":""}],"twitter_card":"summary_large_image","twitter_misc":{"Tiempo de lectura":"2 minutos"},"schema":{"@context":"https:\/\/schema.org","@graph":[{"@type":"WebPage","@id":"https:\/\/eltorado.com\/about\/","url":"https:\/\/eltorado.com\/about\/","name":"About - El Torado","isPartOf":{"@id":"https:\/\/eltorado.com\/#website"},"primaryImageOfPage":{"@id":"https:\/\/eltorado.com\/about\/#primaryimage"},"image":{"@id":"https:\/\/eltorado.com\/about\/#primaryimage"},"thumbnailUrl":"https:\/\/eltorado.com\/wp-content\/uploads\/2023\/03\/stonegrill-el-torado.jpeg","datePublished":"2020-01-06T13:52:52+00:00","dateModified":"2026-01-27T09:16:25+00:00","description":"In addition to the delicious food, El Torado also offers a romantic and warm atmosphere, in the heart of Amsterdam, opposite Path\u00e9 Tuschinsky.","breadcrumb":{"@id":"https:\/\/eltorado.com\/about\/#breadcrumb"},"inLanguage":"es","potentialAction":[{"@type":"ReadAction","target":["https:\/\/eltorado.com\/about\/"]}]},{"@type":"ImageObject","inLanguage":"es","@id":"https:\/\/eltorado.com\/about\/#primaryimage","url":"https:\/\/eltorado.com\/wp-content\/uploads\/2023\/03\/stonegrill-el-torado.jpeg","contentUrl":"https:\/\/eltorado.com\/wp-content\/uploads\/2023\/03\/stonegrill-el-torado.jpeg"},{"@type":"BreadcrumbList","@id":"https:\/\/eltorado.com\/about\/#breadcrumb","itemListElement":[{"@type":"ListItem","position":1,"name":"Home","item":"https:\/\/eltorado.com\/"},{"@type":"ListItem","position":2,"name":"About"}]},{"@type":"WebSite","@id":"https:\/\/eltorado.com\/#website","url":"https:\/\/eltorado.com\/","name":"El Torado","description":"Restaurante Asador Argentino de Piedra","publisher":{"@id":"https:\/\/eltorado.com\/#organization"},"potentialAction":[{"@type":"SearchAction","target":{"@type":"EntryPoint","urlTemplate":"https:\/\/eltorado.com\/?s={search_term_string}"},"query-input":{"@type":"PropertyValueSpecification","valueRequired":true,"valueName":"search_term_string"}}],"inLanguage":"es"},{"@type":"Organization","@id":"https:\/\/eltorado.com\/#organization","name":"El Torado","url":"https:\/\/eltorado.com\/","logo":{"@type":"ImageObject","inLanguage":"es","@id":"https:\/\/eltorado.com\/#\/schema\/logo\/image\/","url":"https:\/\/eltorado.com\/wp-content\/uploads\/2023\/03\/Stierlogo-1.png","contentUrl":"https:\/\/eltorado.com\/wp-content\/uploads\/2023\/03\/Stierlogo-1.png","width":2000,"height":1412,"caption":"El Torado"},"image":{"@id":"https:\/\/eltorado.com\/#\/schema\/logo\/image\/"}}]}},"_links":{"self":[{"href":"https:\/\/eltorado.com\/es\/wp-json\/wp\/v2\/pages\/10","targetHints":{"allow":["GET"]}}],"collection":[{"href":"https:\/\/eltorado.com\/es\/wp-json\/wp\/v2\/pages"}],"about":[{"href":"https:\/\/eltorado.com\/es\/wp-json\/wp\/v2\/types\/page"}],"author":[{"embeddable":true,"href":"https:\/\/eltorado.com\/es\/wp-json\/wp\/v2\/users\/1"}],"replies":[{"embeddable":true,"href":"https:\/\/eltorado.com\/es\/wp-json\/wp\/v2\/comments?post=10"}],"version-history":[{"count":27,"href":"https:\/\/eltorado.com\/es\/wp-json\/wp\/v2\/pages\/10\/revisions"}],"predecessor-version":[{"id":4164,"href":"https:\/\/eltorado.com\/es\/wp-json\/wp\/v2\/pages\/10\/revisions\/4164"}],"wp:attachment":[{"href":"https:\/\/eltorado.com\/es\/wp-json\/wp\/v2\/media?parent=10"}],"curies":[{"name":"wp","href":"https:\/\/api.w.org\/{rel}","templated":true}]}}